{"id":134,"date":"2016-08-17T15:52:52","date_gmt":"2016-08-17T15:52:52","guid":{"rendered":"http:\/\/localhost\/dina\/?page_id=134"},"modified":"2025-12-13T18:17:55","modified_gmt":"2025-12-13T18:17:55","slug":"menu-3-col","status":"publish","type":"page","link":"https:\/\/thericefactory.es\/eu\/menu-3-col\/","title":{"rendered":"GURE KARTA"},"content":{"rendered":"<div data-elementor-type=\"wp-post\" data-elementor-id=\"134\" class=\"elementor elementor-134\">\n\t\t\t\t<div class=\"elementor-element elementor-element-d97993c e-flex e-con-boxed e-con e-parent\" data-id=\"d97993c\" data-element_type=\"container\" data-e-type=\"container\">\n\t\t\t\t\t<div class=\"e-con-inner\">\n\t\t<div class=\"elementor-element elementor-element-986b08c e-con-full e-flex e-con e-child\" data-id=\"986b08c\" data-element_type=\"container\" data-e-type=\"container\">\n\t\t\t\t<div class=\"elementor-element elementor-element-ca64a19 elementor-widget elementor-widget-shortcode\" data-id=\"ca64a19\" data-element_type=\"widget\" data-e-type=\"widget\" data-widget_type=\"shortcode.default\">\n\t\t\t\t<div class=\"elementor-widget-container\">\n\t\t\t\t\t\t\t<div class=\"elementor-shortcode\">En nuestra carta, encontrar\u00e1s entrantes para compartir, del mar, de la huerta y productos c\u00e1rnicos para ir abriendo boca. Platos sencillos y honestos, que cocinamos con los mejores ingredientes.\nPero si a algo nos dedicamos es al arroz. Encontrar\u00e1s m\u00faltiples versiones secas y melosas para que las disfrutes en funci\u00f3n de tus gustos, todas realizadas con el mejor arroz del mundo. MOLINO ROCA\n<\/div>\n\t\t\t\t\t\t<\/div>\n\t\t\t\t<\/div>\n\t\t\t\t<\/div>\n\t\t\t\t\t<\/div>\n\t\t\t\t<\/div>\n\t\t<div class=\"elementor-element elementor-element-0834f1f e-flex e-con-boxed e-con e-parent\" data-id=\"0834f1f\" data-element_type=\"container\" data-e-type=\"container\">\n\t\t\t\t\t<div class=\"e-con-inner\">\n\t\t\t\t<div class=\"elementor-element elementor-element-7ec3a50 elementor-align-center elementor-widget elementor-widget-button\" data-id=\"7ec3a50\" data-element_type=\"widget\" data-e-type=\"widget\" data-widget_type=\"button.default\">\n\t\t\t\t<div class=\"elementor-widget-container\">\n\t\t\t\t\t\t\t\t\t<div class=\"elementor-button-wrapper\">\n\t\t\t\t\t<a class=\"elementor-button elementor-button-link elementor-size-sm\" href=\"https:\/\/thericefactory.es\/wp-content\/uploads\/2025\/12\/carta-total.pdf\">\n\t\t\t\t\t\t<span class=\"elementor-button-content-wrapper\">\n\t\t\t\t\t\t\t\t\t<span class=\"elementor-button-text\">la carta<\/span>\n\t\t\t\t\t<\/span>\n\t\t\t\t\t<\/a>\n\t\t\t\t<\/div>\n\t\t\t\t\t\t\t\t<\/div>\n\t\t\t\t<\/div>\n\t\t\t\t<div class=\"elementor-element elementor-element-254f2f2 elementor-align-center elementor-widget elementor-widget-button\" data-id=\"254f2f2\" data-element_type=\"widget\" data-e-type=\"widget\" data-widget_type=\"button.default\">\n\t\t\t\t<div class=\"elementor-widget-container\">\n\t\t\t\t\t\t\t\t\t<div class=\"elementor-button-wrapper\">\n\t\t\t\t\t<a class=\"elementor-button elementor-button-link elementor-size-sm\" href=\"https:\/\/thericefactory.es\/wp-content\/uploads\/2025\/12\/carta-de-postres.pdf\">\n\t\t\t\t\t\t<span class=\"elementor-button-content-wrapper\">\n\t\t\t\t\t\t\t\t\t<span class=\"elementor-button-text\">postres<\/span>\n\t\t\t\t\t<\/span>\n\t\t\t\t\t<\/a>\n\t\t\t\t<\/div>\n\t\t\t\t\t\t\t\t<\/div>\n\t\t\t\t<\/div>\n\t\t\t\t\t<\/div>\n\t\t\t\t<\/div>\n\t\t<div class=\"elementor-element elementor-element-14dbca3 e-flex e-con-boxed e-con e-parent\" data-id=\"14dbca3\" data-element_type=\"container\" data-e-type=\"container\">\n\t\t\t\t\t<div class=\"e-con-inner\">\n\t\t\t\t<div class=\"elementor-element elementor-element-e372cc5 elementor-widget elementor-widget-text-editor\" data-id=\"e372cc5\" data-element_type=\"widget\" data-e-type=\"widget\" data-widget_type=\"text-editor.default\">\n\t\t\t\t<div class=\"elementor-widget-container\">\n\t\t\t\t\t\t\t\t\t<p>*Si quieres disfrutar del mejor pescado o marisco fesco a la parrilla,\u00a0 solic\u00edtalo con 24h. de antelaci\u00f3n y te lo preparemos en el momento con mucho gusto,\u00a0para que disfrutes de su frescor y todo el sabor del mar.<br \/>*Si tienes una alergia o intolerancia, por favor ind\u00edcanoslo.<\/p>\t\t\t\t\t\t\t\t<\/div>\n\t\t\t\t<\/div>\n\t\t\t\t\t<\/div>\n\t\t\t\t<\/div>\n\t\t\t\t<\/div>","protected":false},"excerpt":{"rendered":"<p>En nuestra carta, encontrar\u00e1s entrantes para compartir, del mar, de la huerta y productos c\u00e1rnicos para ir abriendo boca. Platos sencillos y honestos, que cocinamos con los mejores ingredientes. Pero si a algo nos dedicamos es al arroz. Encontrar\u00e1s m\u00faltiples versiones secas y melosas para que las disfrutes en funci\u00f3n de tus gustos, todas realizadas con el mejor arroz del&#8230;<\/p>","protected":false},"author":1,"featured_media":3067,"parent":0,"menu_order":0,"comment_status":"closed","ping_status":"closed","template":"my-templates\/template-fullscreen.php","meta":{"_acf_changed":false,"_monsterinsights_skip_tracking":false,"_monsterinsights_sitenote_active":false,"_monsterinsights_sitenote_note":"","_monsterinsights_sitenote_category":0,"footnotes":""},"class_list":["post-134","page","type-page","status-publish","has-post-thumbnail","hentry"],"acf":[],"aioseo_notices":[],"_links":{"self":[{"href":"https:\/\/thericefactory.es\/eu\/wp-json\/wp\/v2\/pages\/134","targetHints":{"allow":["GET"]}}],"collection":[{"href":"https:\/\/thericefactory.es\/eu\/wp-json\/wp\/v2\/pages"}],"about":[{"href":"https:\/\/thericefactory.es\/eu\/wp-json\/wp\/v2\/types\/page"}],"author":[{"embeddable":true,"href":"https:\/\/thericefactory.es\/eu\/wp-json\/wp\/v2\/users\/1"}],"replies":[{"embeddable":true,"href":"https:\/\/thericefactory.es\/eu\/wp-json\/wp\/v2\/comments?post=134"}],"version-history":[{"count":40,"href":"https:\/\/thericefactory.es\/eu\/wp-json\/wp\/v2\/pages\/134\/revisions"}],"predecessor-version":[{"id":3290,"href":"https:\/\/thericefactory.es\/eu\/wp-json\/wp\/v2\/pages\/134\/revisions\/3290"}],"wp:featuredmedia":[{"embeddable":true,"href":"https:\/\/thericefactory.es\/eu\/wp-json\/wp\/v2\/media\/3067"}],"wp:attachment":[{"href":"https:\/\/thericefactory.es\/eu\/wp-json\/wp\/v2\/media?parent=134"}],"curies":[{"name":"wp","href":"https:\/\/api.w.org\/{rel}","templated":true}]}}