{"id":676,"date":"2019-07-22T16:43:57","date_gmt":"2019-07-22T16:43:57","guid":{"rendered":"https:\/\/matchthemes.com\/testin\/?page_id=676"},"modified":"2025-12-11T15:08:16","modified_gmt":"2025-12-11T15:08:16","slug":"home-3","status":"publish","type":"page","link":"https:\/\/thericefactory.es\/eu\/","title":{"rendered":"HASIERA"},"content":{"rendered":"\t\t<div data-elementor-type=\"wp-post\" data-elementor-id=\"676\" class=\"elementor elementor-676\">\n\t\t\t\t<div class=\"elementor-element elementor-element-e096ee1 e-flex e-con-boxed e-con e-parent\" data-id=\"e096ee1\" data-element_type=\"container\" data-e-type=\"container\">\n\t\t\t\t\t<div class=\"e-con-inner\">\n\t\t<div class=\"elementor-element elementor-element-a7ffa1a e-con-full e-flex e-con e-child\" data-id=\"a7ffa1a\" data-element_type=\"container\" data-e-type=\"container\">\n\t\t\t\t<div class=\"elementor-element elementor-element-fd93120 home-subtitle-el elementor-widget elementor-widget-heading\" data-id=\"fd93120\" data-element_type=\"widget\" data-e-type=\"widget\" data-widget_type=\"heading.default\">\n\t\t\t\t<div class=\"elementor-widget-container\">\n\t\t\t\t\t<h3 class=\"elementor-heading-title elementor-size-default\">SOMOS THE RICE FACTORY \/ ARROCES, M\u00daSICA Y SNOW\n <br> <br><\/h3>\t\t\t\t<\/div>\n\t\t\t\t<\/div>\n\t\t\t\t<div class=\"elementor-element elementor-element-2f0b764 home-title-el title-headline-el elementor-widget elementor-widget-heading\" data-id=\"2f0b764\" data-element_type=\"widget\" data-e-type=\"widget\" data-widget_type=\"heading.default\">\n\t\t\t\t<div class=\"elementor-widget-container\">\n\t\t\t\t\t<h3 class=\"elementor-heading-title elementor-size-default\">Arroces y Parrilla a tu gusto\n <br>\n<\/h3>\t\t\t\t<\/div>\n\t\t\t\t<\/div>\n\t\t\t\t<div class=\"elementor-element elementor-element-34ac694 elementor-widget elementor-widget-heading\" data-id=\"34ac694\" data-element_type=\"widget\" data-e-type=\"widget\" data-widget_type=\"heading.default\">\n\t\t\t\t<div class=\"elementor-widget-container\">\n\t\t\t\t\t<p class=\"elementor-heading-title elementor-size-default\">Desde que comenzamos hace 15 a\u00f1os nuestro proyecto de ofrecer arroces en Bizkaia, hasta el d\u00eda de hoy,\nseguimos aprendiendo, creciendo  <br> y disfrutando esforz\u00e1ndonos cada d\u00eda, con el \u00fanico fin, de ofrecerte nuestro mejor sabor para que pases un buen rato alrededor de la mesa.\n <br>\n <br><\/p>\t\t\t\t<\/div>\n\t\t\t\t<\/div>\n\t\t\t\t<div class=\"elementor-element elementor-element-e865895 elementor-widget elementor-widget-image\" data-id=\"e865895\" data-element_type=\"widget\" data-e-type=\"widget\" data-widget_type=\"image.default\">\n\t\t\t\t<div class=\"elementor-widget-container\">\n\t\t\t\t\t\t\t\t\t\t\t\t\t\t\t<img fetchpriority=\"high\" decoding=\"async\" width=\"1200\" height=\"600\" src=\"https:\/\/thericefactory.es\/wp-content\/uploads\/2025\/12\/baner-3home.jpg\" class=\"attachment-full size-full wp-image-3219\" alt=\"\" srcset=\"https:\/\/thericefactory.es\/wp-content\/uploads\/2025\/12\/baner-3home.jpg 1200w, https:\/\/thericefactory.es\/wp-content\/uploads\/2025\/12\/baner-3home-300x150.jpg 300w, https:\/\/thericefactory.es\/wp-content\/uploads\/2025\/12\/baner-3home-1024x512.jpg 1024w, https:\/\/thericefactory.es\/wp-content\/uploads\/2025\/12\/baner-3home-768x384.jpg 768w\" sizes=\"(max-width: 1200px) 100vw, 1200px\" \/>\t\t\t\t\t\t\t\t\t\t\t\t\t\t\t<\/div>\n\t\t\t\t<\/div>\n\t\t\t\t<\/div>\n\t\t\t\t\t<\/div>\n\t\t\t\t<\/div>\n\t\t<div class=\"elementor-element elementor-element-6ff882d e-flex e-con-boxed e-con e-parent\" data-id=\"6ff882d\" data-element_type=\"container\" data-e-type=\"container\">\n\t\t\t\t\t<div class=\"e-con-inner\">\n\t\t<div class=\"elementor-element elementor-element-1b4dfd5 e-con-full e-flex e-con e-child\" data-id=\"1b4dfd5\" data-element_type=\"container\" data-e-type=\"container\">\n\t\t\t\t<div class=\"elementor-element elementor-element-12e18aa home-subtitle-el elementor-widget elementor-widget-heading\" data-id=\"12e18aa\" data-element_type=\"widget\" data-e-type=\"widget\" data-widget_type=\"heading.default\">\n\t\t\t\t<div class=\"elementor-widget-container\">\n\t\t\t\t\t<h3 class=\"elementor-heading-title elementor-size-default\">descubre<\/h3>\t\t\t\t<\/div>\n\t\t\t\t<\/div>\n\t\t\t\t<div class=\"elementor-element elementor-element-2f42bea home-title-el title-headline-el elementor-widget elementor-widget-heading\" data-id=\"2f42bea\" data-element_type=\"widget\" data-e-type=\"widget\" data-widget_type=\"heading.default\">\n\t\t\t\t<div class=\"elementor-widget-container\">\n\t\t\t\t\t<h3 class=\"elementor-heading-title elementor-size-default\">Nuestra Carta<\/h3>\t\t\t\t<\/div>\n\t\t\t\t<\/div>\n\t\t\t\t<div class=\"elementor-element elementor-element-ad083d1 elementor-widget elementor-widget-heading\" data-id=\"ad083d1\" data-element_type=\"widget\" data-e-type=\"widget\" data-widget_type=\"heading.default\">\n\t\t\t\t<div class=\"elementor-widget-container\">\n\t\t\t\t\t<p class=\"elementor-heading-title elementor-size-default\">Hemos dise\u00f1ado una carta sencilla, ideal para comer en familia, con algunos platos un poco m\u00e1s elaborados, donde nuestras recetas de arroz Molino Roca y la parrilla, son protagonistas.\nEntrantes para compartir, ensaladas, productos del mar y de la huerta, carnes, arroces y parrilla, que realizamos con los mejores ingredientes y que te ofrecemos en diferentes espacios para que los disfrutes a tu gusto.<\/p>\t\t\t\t<\/div>\n\t\t\t\t<\/div>\n\t\t\t\t<div class=\"elementor-element elementor-element-10f3dbc elementor-align-center elementor-widget elementor-widget-button\" data-id=\"10f3dbc\" data-element_type=\"widget\" data-e-type=\"widget\" data-widget_type=\"button.default\">\n\t\t\t\t<div class=\"elementor-widget-container\">\n\t\t\t\t\t\t\t\t\t<div class=\"elementor-button-wrapper\">\n\t\t\t\t\t<a class=\"elementor-button elementor-button-link elementor-size-sm\" href=\"https:\/\/thericefactory.es\/menu-3-col\/\">\n\t\t\t\t\t\t<span class=\"elementor-button-content-wrapper\">\n\t\t\t\t\t\t\t\t\t<span class=\"elementor-button-text\">VER CARTA<\/span>\n\t\t\t\t\t<\/span>\n\t\t\t\t\t<\/a>\n\t\t\t\t<\/div>\n\t\t\t\t\t\t\t\t<\/div>\n\t\t\t\t<\/div>\n\t\t\t\t<\/div>\n\t\t<div class=\"elementor-element elementor-element-7afad09 e-con-full e-flex e-con e-child\" data-id=\"7afad09\" data-element_type=\"container\" data-e-type=\"container\">\n\t\t\t\t<div class=\"elementor-element elementor-element-85ccfdb elementor-widget elementor-widget-image\" data-id=\"85ccfdb\" data-element_type=\"widget\" data-e-type=\"widget\" data-widget_type=\"image.default\">\n\t\t\t\t<div class=\"elementor-widget-container\">\n\t\t\t\t\t\t\t\t\t\t\t\t\t\t\t<img decoding=\"async\" width=\"2560\" height=\"1440\" src=\"https:\/\/thericefactory.es\/wp-content\/uploads\/2017\/01\/IMG_E3936-scaled.jpg\" class=\"attachment-full size-full wp-image-3161\" alt=\"\" srcset=\"https:\/\/thericefactory.es\/wp-content\/uploads\/2017\/01\/IMG_E3936-scaled.jpg 2560w, https:\/\/thericefactory.es\/wp-content\/uploads\/2017\/01\/IMG_E3936-300x169.jpg 300w, https:\/\/thericefactory.es\/wp-content\/uploads\/2017\/01\/IMG_E3936-1024x576.jpg 1024w, https:\/\/thericefactory.es\/wp-content\/uploads\/2017\/01\/IMG_E3936-768x432.jpg 768w, https:\/\/thericefactory.es\/wp-content\/uploads\/2017\/01\/IMG_E3936-1536x864.jpg 1536w, https:\/\/thericefactory.es\/wp-content\/uploads\/2017\/01\/IMG_E3936-2048x1152.jpg 2048w\" sizes=\"(max-width: 2560px) 100vw, 2560px\" \/>\t\t\t\t\t\t\t\t\t\t\t\t\t\t\t<\/div>\n\t\t\t\t<\/div>\n\t\t\t\t<\/div>\n\t\t\t\t\t<\/div>\n\t\t\t\t<\/div>\n\t\t<div class=\"elementor-element elementor-element-ee23f2d e-flex e-con-boxed e-con e-parent\" data-id=\"ee23f2d\" data-element_type=\"container\" data-e-type=\"container\" data-settings=\"{&quot;background_background&quot;:&quot;slideshow&quot;,&quot;background_slideshow_gallery&quot;:[{&quot;id&quot;:3125,&quot;url&quot;:&quot;https:\\\/\\\/thericefactory.es\\\/wp-content\\\/uploads\\\/2025\\\/11\\\/IMG_E4916.jpg&quot;},{&quot;id&quot;:3126,&quot;url&quot;:&quot;https:\\\/\\\/thericefactory.es\\\/wp-content\\\/uploads\\\/2025\\\/11\\\/IMG_E4896.jpg&quot;},{&quot;id&quot;:3129,&quot;url&quot;:&quot;https:\\\/\\\/thericefactory.es\\\/wp-content\\\/uploads\\\/2025\\\/11\\\/IMG_5275-scaled.jpg&quot;}],&quot;background_slideshow_transition_duration&quot;:400,&quot;background_slideshow_ken_burns&quot;:&quot;yes&quot;,&quot;background_slideshow_loop&quot;:&quot;yes&quot;,&quot;background_slideshow_slide_duration&quot;:5000,&quot;background_slideshow_slide_transition&quot;:&quot;fade&quot;,&quot;background_slideshow_ken_burns_zoom_direction&quot;:&quot;in&quot;}\">\n\t\t\t\t\t<div class=\"e-con-inner\">\n\t\t<div class=\"elementor-element elementor-element-9bac2f0 e-flex e-con-boxed e-con e-child\" data-id=\"9bac2f0\" data-element_type=\"container\" data-e-type=\"container\">\n\t\t\t\t\t<div class=\"e-con-inner\">\n\t\t\t\t<div class=\"elementor-element elementor-element-3b12bb4 home-subtitle-el elementor-widget elementor-widget-heading\" data-id=\"3b12bb4\" data-element_type=\"widget\" data-e-type=\"widget\" data-widget_type=\"heading.default\">\n\t\t\t\t<div class=\"elementor-widget-container\">\n\t\t\t\t\t<h3 class=\"elementor-heading-title elementor-size-default\">\u00bfLO QUIERES SOLO PARA TI?<\/h3>\t\t\t\t<\/div>\n\t\t\t\t<\/div>\n\t\t\t\t<div class=\"elementor-element elementor-element-17e308b home-title-el title-headline-el title-white elementor-widget elementor-widget-heading\" data-id=\"17e308b\" data-element_type=\"widget\" data-e-type=\"widget\" data-widget_type=\"heading.default\">\n\t\t\t\t<div class=\"elementor-widget-container\">\n\t\t\t\t\t<h3 class=\"elementor-heading-title elementor-size-default\">Comidas, cenas y eventos privados<\/h3>\t\t\t\t<\/div>\n\t\t\t\t<\/div>\n\t\t\t\t<div class=\"elementor-element elementor-element-f7e5b6d elementor-widget elementor-widget-heading\" data-id=\"f7e5b6d\" data-element_type=\"widget\" data-e-type=\"widget\" data-widget_type=\"heading.default\">\n\t\t\t\t<div class=\"elementor-widget-container\">\n\t\t\t\t\t<h5 class=\"elementor-heading-title elementor-size-default\">Busca un motivo para celebrar, elige con quien  celebrarlo <br>y el resto d\u00e9jalo en nuestras manos.<\/h5>\t\t\t\t<\/div>\n\t\t\t\t<\/div>\n\t\t\t\t<div class=\"elementor-element elementor-element-08939cb more-white-el elementor-align-center elementor-widget elementor-widget-button\" data-id=\"08939cb\" data-element_type=\"widget\" data-e-type=\"widget\" data-widget_type=\"button.default\">\n\t\t\t\t<div class=\"elementor-widget-container\">\n\t\t\t\t\t\t\t\t\t<div class=\"elementor-button-wrapper\">\n\t\t\t\t\t<a class=\"elementor-button elementor-button-link elementor-size-sm\" href=\"https:\/\/thericefactory.es\/contact-3\/\">\n\t\t\t\t\t\t<span class=\"elementor-button-content-wrapper\">\n\t\t\t\t\t\t\t\t\t<span class=\"elementor-button-text\">cons\u00faltanos<\/span>\n\t\t\t\t\t<\/span>\n\t\t\t\t\t<\/a>\n\t\t\t\t<\/div>\n\t\t\t\t\t\t\t\t<\/div>\n\t\t\t\t<\/div>\n\t\t\t\t\t<\/div>\n\t\t\t\t<\/div>\n\t\t\t\t\t<\/div>\n\t\t\t\t<\/div>\n\t\t<div class=\"elementor-element elementor-element-2f8b5c2 e-flex e-con-boxed e-con e-parent\" data-id=\"2f8b5c2\" data-element_type=\"container\" data-e-type=\"container\">\n\t\t\t\t\t<div class=\"e-con-inner\">\n\t\t<div class=\"elementor-element elementor-element-b03be2d e-con-full e-flex e-con e-child\" data-id=\"b03be2d\" data-element_type=\"container\" data-e-type=\"container\">\n\t\t\t\t<div class=\"elementor-element elementor-element-cbde135 elementor-widget elementor-widget-image\" data-id=\"cbde135\" data-element_type=\"widget\" data-e-type=\"widget\" data-widget_type=\"image.default\">\n\t\t\t\t<div class=\"elementor-widget-container\">\n\t\t\t\t\t\t\t\t\t\t\t\t\t\t\t<img decoding=\"async\" width=\"1303\" height=\"901\" src=\"https:\/\/thericefactory.es\/wp-content\/uploads\/2017\/01\/Captura-de-pantalla-2025-11-12-a-las-21.10.56.png\" class=\"attachment-full size-full wp-image-3168\" alt=\"\" srcset=\"https:\/\/thericefactory.es\/wp-content\/uploads\/2017\/01\/Captura-de-pantalla-2025-11-12-a-las-21.10.56.png 1303w, https:\/\/thericefactory.es\/wp-content\/uploads\/2017\/01\/Captura-de-pantalla-2025-11-12-a-las-21.10.56-300x207.png 300w, https:\/\/thericefactory.es\/wp-content\/uploads\/2017\/01\/Captura-de-pantalla-2025-11-12-a-las-21.10.56-1024x708.png 1024w, https:\/\/thericefactory.es\/wp-content\/uploads\/2017\/01\/Captura-de-pantalla-2025-11-12-a-las-21.10.56-768x531.png 768w\" sizes=\"(max-width: 1303px) 100vw, 1303px\" \/>\t\t\t\t\t\t\t\t\t\t\t\t\t\t\t<\/div>\n\t\t\t\t<\/div>\n\t\t\t\t<\/div>\n\t\t<div class=\"elementor-element elementor-element-83b917c e-con-full e-flex e-con e-child\" data-id=\"83b917c\" data-element_type=\"container\" data-e-type=\"container\">\n\t\t\t\t<div class=\"elementor-element elementor-element-1477a9a home-subtitle-el elementor-widget elementor-widget-heading\" data-id=\"1477a9a\" data-element_type=\"widget\" data-e-type=\"widget\" data-widget_type=\"heading.default\">\n\t\t\t\t<div class=\"elementor-widget-container\">\n\t\t\t\t\t<h3 class=\"elementor-heading-title elementor-size-default\">BEBER ES UN PLACER<\/h3>\t\t\t\t<\/div>\n\t\t\t\t<\/div>\n\t\t\t\t<div class=\"elementor-element elementor-element-b01906f home-title-el title-headline-el elementor-widget elementor-widget-heading\" data-id=\"b01906f\" data-element_type=\"widget\" data-e-type=\"widget\" data-widget_type=\"heading.default\">\n\t\t\t\t<div class=\"elementor-widget-container\">\n\t\t\t\t\t<h3 class=\"elementor-heading-title elementor-size-default\">Nuestros Vinos<\/h3>\t\t\t\t<\/div>\n\t\t\t\t<\/div>\n\t\t\t\t<div class=\"elementor-element elementor-element-86f7c91 elementor-widget elementor-widget-heading\" data-id=\"86f7c91\" data-element_type=\"widget\" data-e-type=\"widget\" data-widget_type=\"heading.default\">\n\t\t\t\t<div class=\"elementor-widget-container\">\n\t\t\t\t\t<p class=\"elementor-heading-title elementor-size-default\">El vino forma parte importante de las comidas.\nHemos dise\u00f1ado una carta sin pretensiones, con cosas curiosas y divertidas, unas m\u00e1s asequibles que otras, pero todas ricas, que hemos seleccionado con ayuda de amigos profesionales y nuestro propio criterio, para que acompa\u00f1es tus platos de la manera que m\u00e1s te apetezca.<br>Porque el vino bueno, es el que le guste cada uno.<br>\nNo dudes en consultarnos a la hora de realizar tu pedido y nuestro equipo de sala, te asesorar\u00e1 encantado.\n<\/p>\t\t\t\t<\/div>\n\t\t\t\t<\/div>\n\t\t\t\t<div class=\"elementor-element elementor-element-57ed740 elementor-align-center elementor-widget elementor-widget-button\" data-id=\"57ed740\" data-element_type=\"widget\" data-e-type=\"widget\" data-widget_type=\"button.default\">\n\t\t\t\t<div class=\"elementor-widget-container\">\n\t\t\t\t\t\t\t\t\t<div class=\"elementor-button-wrapper\">\n\t\t\t\t\t<a class=\"elementor-button elementor-button-link elementor-size-sm\" href=\"https:\/\/thericefactory.es\/wp-content\/uploads\/2025\/12\/Carta-Vinos-Rice-Factory.pdf\">\n\t\t\t\t\t\t<span class=\"elementor-button-content-wrapper\">\n\t\t\t\t\t\t\t\t\t<span class=\"elementor-button-text\">Nuestros Vinos<\/span>\n\t\t\t\t\t<\/span>\n\t\t\t\t\t<\/a>\n\t\t\t\t<\/div>\n\t\t\t\t\t\t\t\t<\/div>\n\t\t\t\t<\/div>\n\t\t\t\t<\/div>\n\t\t\t\t\t<\/div>\n\t\t\t\t<\/div>\n\t\t<div class=\"elementor-element elementor-element-ff3acf9 e-flex e-con-boxed e-con e-parent\" data-id=\"ff3acf9\" data-element_type=\"container\" data-e-type=\"container\" data-settings=\"{&quot;background_background&quot;:&quot;classic&quot;}\">\n\t\t\t\t\t<div class=\"e-con-inner\">\n\t\t<div class=\"elementor-element elementor-element-1817dbd e-flex e-con-boxed e-con e-child\" data-id=\"1817dbd\" data-element_type=\"container\" data-e-type=\"container\">\n\t\t\t\t\t<div class=\"e-con-inner\">\n\t\t\t\t<div class=\"elementor-element elementor-element-6798b7a home-subtitle-el elementor-widget elementor-widget-heading\" data-id=\"6798b7a\" data-element_type=\"widget\" data-e-type=\"widget\" data-widget_type=\"heading.default\">\n\t\t\t\t<div class=\"elementor-widget-container\">\n\t\t\t\t\t<h3 class=\"elementor-heading-title elementor-size-default\">DISFRUTA DE NUESTRO RICE BAR<\/h3>\t\t\t\t<\/div>\n\t\t\t\t<\/div>\n\t\t\t\t<div class=\"elementor-element elementor-element-1dcbce6 home-title-el title-headline-el title-white elementor-widget elementor-widget-heading\" data-id=\"1dcbce6\" data-element_type=\"widget\" data-e-type=\"widget\" data-widget_type=\"heading.default\">\n\t\t\t\t<div class=\"elementor-widget-container\">\n\t\t\t\t\t<h3 class=\"elementor-heading-title elementor-size-default\">Aperitivos, Copas y Buena M\u00fasica<\/h3>\t\t\t\t<\/div>\n\t\t\t\t<\/div>\n\t\t\t\t<div class=\"elementor-element elementor-element-214f7c1 elementor-widget elementor-widget-heading\" data-id=\"214f7c1\" data-element_type=\"widget\" data-e-type=\"widget\" data-widget_type=\"heading.default\">\n\t\t\t\t<div class=\"elementor-widget-container\">\n\t\t\t\t\t<p class=\"elementor-heading-title elementor-size-default\">Nuestra propuesta de BAR para disfrutar de forma informal a cualquier hora del d\u00eda.\n<\/p>\t\t\t\t<\/div>\n\t\t\t\t<\/div>\n\t\t\t\t\t<\/div>\n\t\t\t\t<\/div>\n\t\t\t\t\t<\/div>\n\t\t\t\t<\/div>\n\t\t\t\t<\/div>\n\t\t","protected":false},"excerpt":{"rendered":"<p>SOMOS THE RICE FACTORY \/ ARROCES, M\u00daSICA Y SNOW Arroces y Parrilla a tu gusto Desde que comenzamos hace 15 a\u00f1os nuestro proyecto de ofrecer arroces en Bizkaia, hasta el d\u00eda de hoy, seguimos aprendiendo, creciendo y disfrutando esforz\u00e1ndonos cada d\u00eda, con el \u00fanico fin, de ofrecerte nuestro mejor sabor para que pases un buen rato alrededor de la mesa&#8230;.<\/p>","protected":false},"author":1,"featured_media":0,"parent":0,"menu_order":0,"comment_status":"closed","ping_status":"closed","template":"my-templates\/template-home-elementor.php","meta":{"_acf_changed":false,"_monsterinsights_skip_tracking":false,"_monsterinsights_sitenote_active":false,"_monsterinsights_sitenote_note":"","_monsterinsights_sitenote_category":0,"footnotes":""},"class_list":["post-676","page","type-page","status-publish","hentry"],"acf":[],"aioseo_notices":[],"_links":{"self":[{"href":"https:\/\/thericefactory.es\/eu\/wp-json\/wp\/v2\/pages\/676","targetHints":{"allow":["GET"]}}],"collection":[{"href":"https:\/\/thericefactory.es\/eu\/wp-json\/wp\/v2\/pages"}],"about":[{"href":"https:\/\/thericefactory.es\/eu\/wp-json\/wp\/v2\/types\/page"}],"author":[{"embeddable":true,"href":"https:\/\/thericefactory.es\/eu\/wp-json\/wp\/v2\/users\/1"}],"replies":[{"embeddable":true,"href":"https:\/\/thericefactory.es\/eu\/wp-json\/wp\/v2\/comments?post=676"}],"version-history":[{"count":143,"href":"https:\/\/thericefactory.es\/eu\/wp-json\/wp\/v2\/pages\/676\/revisions"}],"predecessor-version":[{"id":3264,"href":"https:\/\/thericefactory.es\/eu\/wp-json\/wp\/v2\/pages\/676\/revisions\/3264"}],"wp:attachment":[{"href":"https:\/\/thericefactory.es\/eu\/wp-json\/wp\/v2\/media?parent=676"}],"curies":[{"name":"wp","href":"https:\/\/api.w.org\/{rel}","templated":true}]}}