{"id":773,"date":"2019-07-25T11:19:00","date_gmt":"2019-07-25T11:19:00","guid":{"rendered":"https:\/\/matchthemes.com\/testin\/?page_id=773"},"modified":"2025-12-13T17:02:01","modified_gmt":"2025-12-13T17:02:01","slug":"about-us","status":"publish","type":"page","link":"https:\/\/thericefactory.es\/eu\/about-us\/","title":{"rendered":"GU"},"content":{"rendered":"<div data-elementor-type=\"wp-post\" data-elementor-id=\"773\" class=\"elementor elementor-773\">\n\t\t\t\t<div class=\"elementor-element elementor-element-2a5ed07 e-flex e-con-boxed e-con e-parent\" data-id=\"2a5ed07\" data-element_type=\"container\" data-e-type=\"container\">\n\t\t\t\t\t<div class=\"e-con-inner\">\n\t\t<div class=\"elementor-element elementor-element-59c3986 e-con-full e-flex e-con e-child\" data-id=\"59c3986\" data-element_type=\"container\" data-e-type=\"container\">\n\t\t\t\t<div class=\"elementor-element elementor-element-6ab1c89 elementor-widget elementor-widget-image\" data-id=\"6ab1c89\" data-element_type=\"widget\" data-e-type=\"widget\" data-widget_type=\"image.default\">\n\t\t\t\t<div class=\"elementor-widget-container\">\n\t\t\t\t\t\t\t\t\t\t\t\t\t\t\t<img fetchpriority=\"high\" decoding=\"async\" width=\"640\" height=\"480\" src=\"https:\/\/thericefactory.es\/wp-content\/uploads\/2025\/12\/ellos-trf.jpg\" class=\"attachment-full size-full wp-image-3224\" alt=\"\" srcset=\"https:\/\/thericefactory.es\/wp-content\/uploads\/2025\/12\/ellos-trf.jpg 640w, https:\/\/thericefactory.es\/wp-content\/uploads\/2025\/12\/ellos-trf-300x225.jpg 300w\" sizes=\"(max-width: 640px) 100vw, 640px\" \/>\t\t\t\t\t\t\t\t\t\t\t\t\t\t\t<\/div>\n\t\t\t\t<\/div>\n\t\t\t\t<\/div>\n\t\t<div class=\"elementor-element elementor-element-647c70c e-con-full e-flex e-con e-child\" data-id=\"647c70c\" data-element_type=\"container\" data-e-type=\"container\">\n\t\t\t\t<div class=\"elementor-element elementor-element-74cb35b home-title-el title-headline-el elementor-widget elementor-widget-heading\" data-id=\"74cb35b\" data-element_type=\"widget\" data-e-type=\"widget\" data-widget_type=\"heading.default\">\n\t\t\t\t<div class=\"elementor-widget-container\">\n\t\t\t\t\t<h3 class=\"elementor-heading-title elementor-size-default\">Esta es la Historia<\/h3>\t\t\t\t<\/div>\n\t\t\t\t<\/div>\n\t\t\t\t<div class=\"elementor-element elementor-element-72fbc25 elementor-widget elementor-widget-text-editor\" data-id=\"72fbc25\" data-element_type=\"widget\" data-e-type=\"widget\" data-widget_type=\"text-editor.default\">\n\t\t\t\t<div class=\"elementor-widget-container\">\n\t\t\t\t\t\t\t\t\t<p>The Rice Factory, surge de la pasi\u00f3n de Marcos Jimeno por los arroces. Desde hace a\u00f1os dedica su tiempo en la cocina a mejorar y modificar sus recetas principalmente, basadas en los arroces\u00a0 y que ha estado ofreciendo en Bizkaia durante los \u00faltimos 15 durante su direcci\u00f3n del proyecto\u00a0 Kanala Jaketxea\u00a0 y cuyo concepto traslada de forma evolucionada, hasta (TRF), esta vez de la mano de Darian, su jefe de cocina, mano derecha y socio en este, su nuevo proyecto.<br \/>Bajo su direcci\u00f3n, se esconde un equipo de personas de diferentes nacionalidades, implicadas, dedicadas y profesionales\u00a0 que se han unido bajo una misma pasi\u00f3n, y que cada d\u00eda se esfuerzan con el \u00fanico motivo de hacerte disfrutar alrededor de la mesa.<\/p>\t\t\t\t\t\t\t\t<\/div>\n\t\t\t\t<\/div>\n\t\t\t\t<\/div>\n\t\t\t\t\t<\/div>\n\t\t\t\t<\/div>\n\t\t<div class=\"elementor-element elementor-element-cb14796 e-flex e-con-boxed e-con e-parent\" data-id=\"cb14796\" data-element_type=\"container\" data-e-type=\"container\">\n\t\t\t\t\t<div class=\"e-con-inner\">\n\t\t<div class=\"elementor-element elementor-element-c31eea2 e-con-full e-flex e-con e-child\" data-id=\"c31eea2\" data-element_type=\"container\" data-e-type=\"container\">\n\t\t\t\t<div class=\"elementor-element elementor-element-bd5d67e home-title-el title-headline-el elementor-widget elementor-widget-heading\" data-id=\"bd5d67e\" data-element_type=\"widget\" data-e-type=\"widget\" data-widget_type=\"heading.default\">\n\t\t\t\t<div class=\"elementor-widget-container\">\n\t\t\t\t\t<h3 class=\"elementor-heading-title elementor-size-default\">Somos The Rice Factoy\n<\/h3>\t\t\t\t<\/div>\n\t\t\t\t<\/div>\n\t\t\t\t<div class=\"elementor-element elementor-element-e1b8ea2 elementor-widget elementor-widget-text-editor\" data-id=\"e1b8ea2\" data-element_type=\"widget\" data-e-type=\"widget\" data-widget_type=\"text-editor.default\">\n\t\t\t\t<div class=\"elementor-widget-container\">\n\t\t\t\t\t\t\t\t\t<p>Esta misma filosof\u00eda es la que han trasladado a su nuevo local en Urduliz, junto al castillo de Butr\u00f3n.<br \/>Un espacio dise\u00f1ado y creado por ellos mismos, inspirado en una caba\u00f1a de monta\u00f1a, que junto al snow, son otras de sus pasiones.<br \/>3 salones interiores con chimenea, un bar, donde adem\u00e1s puedes disfrutar de la buena m\u00fasica, que marcos colecciona de toda la vida y un jard\u00edn con una gran terraza para degustar un buen aperitivo, comida o cena, cuando el tiempo lo permite.<br \/>Un espacio vivo que evoluciona cada d\u00eda y que adaptan para que te sientas como en casa.<\/p><p>\u00a0<\/p>\t\t\t\t\t\t\t\t<\/div>\n\t\t\t\t<\/div>\n\t\t\t\t<\/div>\n\t\t<div class=\"elementor-element elementor-element-15ed967 e-con-full e-flex e-con e-child\" data-id=\"15ed967\" data-element_type=\"container\" data-e-type=\"container\">\n\t\t\t\t<div class=\"elementor-element elementor-element-48ae63c elementor-widget elementor-widget-image\" data-id=\"48ae63c\" data-element_type=\"widget\" data-e-type=\"widget\" data-widget_type=\"image.default\">\n\t\t\t\t<div class=\"elementor-widget-container\">\n\t\t\t\t\t\t\t\t\t\t\t\t\t\t\t<img decoding=\"async\" width=\"640\" height=\"480\" src=\"https:\/\/thericefactory.es\/wp-content\/uploads\/2025\/12\/fachada-trf.jpg\" class=\"attachment-full size-full wp-image-3225\" alt=\"\" srcset=\"https:\/\/thericefactory.es\/wp-content\/uploads\/2025\/12\/fachada-trf.jpg 640w, https:\/\/thericefactory.es\/wp-content\/uploads\/2025\/12\/fachada-trf-300x225.jpg 300w\" sizes=\"(max-width: 640px) 100vw, 640px\" \/>\t\t\t\t\t\t\t\t\t\t\t\t\t\t\t<\/div>\n\t\t\t\t<\/div>\n\t\t\t\t<\/div>\n\t\t\t\t\t<\/div>\n\t\t\t\t<\/div>\n\t\t\t\t<\/div>","protected":false},"excerpt":{"rendered":"<p>Esta es la Historia The Rice Factory, surge de la pasi\u00f3n de Marcos Jimeno por los arroces. Desde hace a\u00f1os dedica su tiempo en la cocina a mejorar y modificar sus recetas principalmente, basadas en los arroces\u00a0 y que ha estado ofreciendo en Bizkaia durante los \u00faltimos 15 durante su direcci\u00f3n del proyecto\u00a0 Kanala Jaketxea\u00a0 y cuyo concepto traslada de&#8230;<\/p>","protected":false},"author":1,"featured_media":3234,"parent":0,"menu_order":0,"comment_status":"closed","ping_status":"closed","template":"my-templates\/template-fullscreen.php","meta":{"_acf_changed":false,"_monsterinsights_skip_tracking":false,"_monsterinsights_sitenote_active":false,"_monsterinsights_sitenote_note":"","_monsterinsights_sitenote_category":0,"footnotes":""},"class_list":["post-773","page","type-page","status-publish","has-post-thumbnail","hentry"],"acf":[],"aioseo_notices":[],"_links":{"self":[{"href":"https:\/\/thericefactory.es\/eu\/wp-json\/wp\/v2\/pages\/773","targetHints":{"allow":["GET"]}}],"collection":[{"href":"https:\/\/thericefactory.es\/eu\/wp-json\/wp\/v2\/pages"}],"about":[{"href":"https:\/\/thericefactory.es\/eu\/wp-json\/wp\/v2\/types\/page"}],"author":[{"embeddable":true,"href":"https:\/\/thericefactory.es\/eu\/wp-json\/wp\/v2\/users\/1"}],"replies":[{"embeddable":true,"href":"https:\/\/thericefactory.es\/eu\/wp-json\/wp\/v2\/comments?post=773"}],"version-history":[{"count":46,"href":"https:\/\/thericefactory.es\/eu\/wp-json\/wp\/v2\/pages\/773\/revisions"}],"predecessor-version":[{"id":3272,"href":"https:\/\/thericefactory.es\/eu\/wp-json\/wp\/v2\/pages\/773\/revisions\/3272"}],"wp:featuredmedia":[{"embeddable":true,"href":"https:\/\/thericefactory.es\/eu\/wp-json\/wp\/v2\/media\/3234"}],"wp:attachment":[{"href":"https:\/\/thericefactory.es\/eu\/wp-json\/wp\/v2\/media?parent=773"}],"curies":[{"name":"wp","href":"https:\/\/api.w.org\/{rel}","templated":true}]}}